{"id":11813,"date":"2020-09-28T11:52:37","date_gmt":"2020-09-28T11:52:37","guid":{"rendered":"http:\/\/imperium.yavuzdiyebiri.com\/?page_id=11813"},"modified":"2021-10-24T12:01:05","modified_gmt":"2021-10-24T12:01:05","slug":"edremit","status":"publish","type":"page","link":"https:\/\/www.heramistermal.com\/en\/edremit\/","title":{"rendered":"Edremit"},"content":{"rendered":"\n<div class=\"thumbnails-shortcode gridblock-columns-wrap grid-style-classic-wrap clearfix\"><div class=\"thumbnails-grid-container grid-style-classic thumbnail-gutter-{{gutter}} no-title-no-desc gridblock-four  has-effect-tilt\"  data-columns=\"4\"><div class=\"gridblock-element  animation-standby-portfolio animated thumbnailFadeInUpSlow isotope-displayed gridblock-thumbnail-id-11840 gridblock-col-1\"><div class=\"gridblock-ajax gridblock-grid-element gridblock-element-inner\" data-rel=\"11813\"><div class=\"gridblock-background-hover\"><a data-exthumbimage=\"https:\/\/www.heramistermal.com\/en\/wp-content\/uploads\/sites\/2\/2020\/09\/big1-1-160x160.jpg\" class=\"lightbox-active lightbox-image gridblock-sole-link\" data-sub-html=\"&lt;div class=&quot;lightbox-text-wrap &quot;&gt;&lt;h4 class=&quot;lightbox-text&quot;&gt;Ak\u00e7ay \u00c7ar\u015f\u0131s\u0131&lt;\/h4&gt;&lt;\/div&gt;\" href=\"https:\/\/www.heramistermal.com\/en\/wp-content\/uploads\/sites\/2\/2020\/09\/big1-1.jpg\" data-src=\"https:\/\/www.heramistermal.com\/en\/wp-content\/uploads\/sites\/2\/2020\/09\/big1-1.jpg\"><div class=\"gridblock-links-wrap\"><span class=\"column-gridblock-icon\"><span class=\"hover-icon-effect\"><i class=\"ion-ios-search\"><\/i><\/span><\/span><\/div><\/a><\/div><img decoding=\"async\" class=\"preload-image displayed-image\" src=\"https:\/\/www.heramistermal.com\/en\/wp-content\/uploads\/sites\/2\/2020\/09\/big1-1-746x548.jpg\" alt=\"\"><\/div><\/div><div class=\"gridblock-element  animation-standby-portfolio animated thumbnailFadeInUpSlow isotope-displayed gridblock-thumbnail-id-11841 gridblock-col-2\"><div class=\"gridblock-ajax gridblock-grid-element gridblock-element-inner\" data-rel=\"11813\"><div class=\"gridblock-background-hover\"><a data-exthumbimage=\"https:\/\/www.heramistermal.com\/en\/wp-content\/uploads\/sites\/2\/2020\/09\/big2-1-160x160.jpg\" class=\"lightbox-active lightbox-image gridblock-sole-link\" data-sub-html=\"&lt;div class=&quot;lightbox-text-wrap &quot;&gt;&lt;h4 class=&quot;lightbox-text&quot;&gt;M\u0131hl\u0131 De\u011firmeni&lt;\/h4&gt;&lt;\/div&gt;\" href=\"https:\/\/www.heramistermal.com\/en\/wp-content\/uploads\/sites\/2\/2020\/09\/big2-1.jpg\" data-src=\"https:\/\/www.heramistermal.com\/en\/wp-content\/uploads\/sites\/2\/2020\/09\/big2-1.jpg\"><div class=\"gridblock-links-wrap\"><span class=\"column-gridblock-icon\"><span class=\"hover-icon-effect\"><i class=\"ion-ios-search\"><\/i><\/span><\/span><\/div><\/a><\/div><img decoding=\"async\" class=\"preload-image displayed-image\" src=\"https:\/\/www.heramistermal.com\/en\/wp-content\/uploads\/sites\/2\/2020\/09\/big2-1-746x548.jpg\" alt=\"\"><\/div><\/div><div class=\"gridblock-element  animation-standby-portfolio animated thumbnailFadeInUpSlow isotope-displayed gridblock-thumbnail-id-11842 gridblock-col-3\"><div class=\"gridblock-ajax gridblock-grid-element gridblock-element-inner\" data-rel=\"11813\"><div class=\"gridblock-background-hover\"><a data-exthumbimage=\"https:\/\/www.heramistermal.com\/en\/wp-content\/uploads\/sites\/2\/2020\/09\/big3-1-160x160.jpg\" class=\"lightbox-active lightbox-image gridblock-sole-link\" data-sub-html=\"&lt;div class=&quot;lightbox-text-wrap &quot;&gt;&lt;h4 class=&quot;lightbox-text&quot;&gt;Binp\u0131narl\u0131 \u0130da Da\u011f\u0131&lt;\/h4&gt;&lt;\/div&gt;\" href=\"https:\/\/www.heramistermal.com\/en\/wp-content\/uploads\/sites\/2\/2020\/09\/big3-1.jpg\" data-src=\"https:\/\/www.heramistermal.com\/en\/wp-content\/uploads\/sites\/2\/2020\/09\/big3-1.jpg\"><div class=\"gridblock-links-wrap\"><span class=\"column-gridblock-icon\"><span class=\"hover-icon-effect\"><i class=\"ion-ios-search\"><\/i><\/span><\/span><\/div><\/a><\/div><img decoding=\"async\" class=\"preload-image displayed-image\" src=\"https:\/\/www.heramistermal.com\/en\/wp-content\/uploads\/sites\/2\/2020\/09\/big3-1-746x548.jpg\" alt=\"\"><\/div><\/div><div class=\"gridblock-element  animation-standby-portfolio animated thumbnailFadeInUpSlow isotope-displayed gridblock-thumbnail-id-11843 gridblock-col-4\"><div class=\"gridblock-ajax gridblock-grid-element gridblock-element-inner\" data-rel=\"11813\"><div class=\"gridblock-background-hover\"><a data-exthumbimage=\"https:\/\/www.heramistermal.com\/en\/wp-content\/uploads\/sites\/2\/2020\/09\/big4-1-160x160.jpg\" class=\"lightbox-active lightbox-image gridblock-sole-link\" data-sub-html=\"&lt;div class=&quot;lightbox-text-wrap &quot;&gt;&lt;h4 class=&quot;lightbox-text&quot;&gt;P\u0131narba\u015f\u0131&lt;\/h4&gt;&lt;\/div&gt;\" href=\"https:\/\/www.heramistermal.com\/en\/wp-content\/uploads\/sites\/2\/2020\/09\/big4-1.jpg\" data-src=\"https:\/\/www.heramistermal.com\/en\/wp-content\/uploads\/sites\/2\/2020\/09\/big4-1.jpg\"><div class=\"gridblock-links-wrap\"><span class=\"column-gridblock-icon\"><span class=\"hover-icon-effect\"><i class=\"ion-ios-search\"><\/i><\/span><\/span><\/div><\/a><\/div><img decoding=\"async\" class=\"preload-image displayed-image\" src=\"https:\/\/www.heramistermal.com\/en\/wp-content\/uploads\/sites\/2\/2020\/09\/big4-1-746x548.jpg\" alt=\"\"><\/div><\/div><\/div><\/div>\n<div class=\"thumbnails-shortcode gridblock-columns-wrap grid-style-classic-wrap clearfix\"><div class=\"thumbnails-grid-container grid-style-classic thumbnail-gutter-{{gutter}} no-title-no-desc gridblock-four  has-effect-tilt\"  data-columns=\"4\"><div class=\"gridblock-element  animation-standby-portfolio animated thumbnailFadeInUpSlow isotope-displayed gridblock-thumbnail-id-11844 gridblock-col-1\"><div class=\"gridblock-ajax gridblock-grid-element gridblock-element-inner\" data-rel=\"11813\"><div class=\"gridblock-background-hover\"><a data-exthumbimage=\"https:\/\/www.heramistermal.com\/en\/wp-content\/uploads\/sites\/2\/2020\/09\/big5-1-160x160.jpg\" class=\"lightbox-active lightbox-image gridblock-sole-link\" data-sub-html=\"&lt;div class=&quot;lightbox-text-wrap &quot;&gt;&lt;h4 class=&quot;lightbox-text&quot;&gt;Kaz Da\u011flar\u0131&lt;\/h4&gt;&lt;\/div&gt;\" href=\"https:\/\/www.heramistermal.com\/en\/wp-content\/uploads\/sites\/2\/2020\/09\/big5-1.jpg\" data-src=\"https:\/\/www.heramistermal.com\/en\/wp-content\/uploads\/sites\/2\/2020\/09\/big5-1.jpg\"><div class=\"gridblock-links-wrap\"><span class=\"column-gridblock-icon\"><span class=\"hover-icon-effect\"><i class=\"ion-ios-search\"><\/i><\/span><\/span><\/div><\/a><\/div><img decoding=\"async\" class=\"preload-image displayed-image\" src=\"https:\/\/www.heramistermal.com\/en\/wp-content\/uploads\/sites\/2\/2020\/09\/big5-1-746x548.jpg\" alt=\"\"><\/div><\/div><div class=\"gridblock-element  animation-standby-portfolio animated thumbnailFadeInUpSlow isotope-displayed gridblock-thumbnail-id-11845 gridblock-col-2\"><div class=\"gridblock-ajax gridblock-grid-element gridblock-element-inner\" data-rel=\"11813\"><div class=\"gridblock-background-hover\"><a data-exthumbimage=\"https:\/\/www.heramistermal.com\/en\/wp-content\/uploads\/sites\/2\/2020\/09\/big6-1-160x160.jpg\" class=\"lightbox-active lightbox-image gridblock-sole-link\" data-sub-html=\"&lt;div class=&quot;lightbox-text-wrap &quot;&gt;&lt;h4 class=&quot;lightbox-text&quot;&gt;Alt\u0131noluk Marina&lt;\/h4&gt;&lt;\/div&gt;\" href=\"https:\/\/www.heramistermal.com\/en\/wp-content\/uploads\/sites\/2\/2020\/09\/big6-1.jpg\" data-src=\"https:\/\/www.heramistermal.com\/en\/wp-content\/uploads\/sites\/2\/2020\/09\/big6-1.jpg\"><div class=\"gridblock-links-wrap\"><span class=\"column-gridblock-icon\"><span class=\"hover-icon-effect\"><i class=\"ion-ios-search\"><\/i><\/span><\/span><\/div><\/a><\/div><img decoding=\"async\" class=\"preload-image displayed-image\" src=\"https:\/\/www.heramistermal.com\/en\/wp-content\/uploads\/sites\/2\/2020\/09\/big6-1-746x548.jpg\" alt=\"\"><\/div><\/div><div class=\"gridblock-element  animation-standby-portfolio animated thumbnailFadeInUpSlow isotope-displayed gridblock-thumbnail-id-11846 gridblock-col-3\"><div class=\"gridblock-ajax gridblock-grid-element gridblock-element-inner\" data-rel=\"11813\"><div class=\"gridblock-background-hover\"><a data-exthumbimage=\"https:\/\/www.heramistermal.com\/en\/wp-content\/uploads\/sites\/2\/2020\/09\/big7-1-160x160.jpg\" class=\"lightbox-active lightbox-image gridblock-sole-link\" data-sub-html=\"&lt;div class=&quot;lightbox-text-wrap &quot;&gt;&lt;h4 class=&quot;lightbox-text&quot;&gt;Edremit&lt;\/h4&gt;&lt;\/div&gt;\" href=\"https:\/\/www.heramistermal.com\/en\/wp-content\/uploads\/sites\/2\/2020\/09\/big7-1.jpg\" data-src=\"https:\/\/www.heramistermal.com\/en\/wp-content\/uploads\/sites\/2\/2020\/09\/big7-1.jpg\"><div class=\"gridblock-links-wrap\"><span class=\"column-gridblock-icon\"><span class=\"hover-icon-effect\"><i class=\"ion-ios-search\"><\/i><\/span><\/span><\/div><\/a><\/div><img decoding=\"async\" class=\"preload-image displayed-image\" src=\"https:\/\/www.heramistermal.com\/en\/wp-content\/uploads\/sites\/2\/2020\/09\/big7-1-746x548.jpg\" alt=\"\"><\/div><\/div><div class=\"gridblock-element  animation-standby-portfolio animated thumbnailFadeInUpSlow isotope-displayed gridblock-thumbnail-id-11847 gridblock-col-4\"><div class=\"gridblock-ajax gridblock-grid-element gridblock-element-inner\" data-rel=\"11813\"><div class=\"gridblock-background-hover\"><a data-exthumbimage=\"https:\/\/www.heramistermal.com\/en\/wp-content\/uploads\/sites\/2\/2020\/09\/big8-1-160x160.jpg\" class=\"lightbox-active lightbox-image gridblock-sole-link\" data-sub-html=\"&lt;div class=&quot;lightbox-text-wrap &quot;&gt;&lt;h4 class=&quot;lightbox-text&quot;&gt;Kaz Da\u011flar\u0131&lt;\/h4&gt;&lt;\/div&gt;\" href=\"https:\/\/www.heramistermal.com\/en\/wp-content\/uploads\/sites\/2\/2020\/09\/big8-1.jpg\" data-src=\"https:\/\/www.heramistermal.com\/en\/wp-content\/uploads\/sites\/2\/2020\/09\/big8-1.jpg\"><div class=\"gridblock-links-wrap\"><span class=\"column-gridblock-icon\"><span class=\"hover-icon-effect\"><i class=\"ion-ios-search\"><\/i><\/span><\/span><\/div><\/a><\/div><img decoding=\"async\" class=\"preload-image displayed-image\" src=\"https:\/\/www.heramistermal.com\/en\/wp-content\/uploads\/sites\/2\/2020\/09\/big8-1-746x548.jpg\" alt=\"\"><\/div><\/div><\/div><\/div>\n<div class=\"multi-headlines-outer\" style=\"margin-bottom:0px;\"><div class=\"multi-headlines-wrap\"><div class=\"multi-headlines animation-standby animated fadeInUp\"><\/p> <\/div><\/div><div class=\"multi-headlines-wrap\"><div class=\"multi-headlines animation-standby animated fadeInUp\"><h3>Edremit: the Cradle of Civilizations<\/h3> <\/div><\/div><div class=\"multi-headlines-wrap\"><div class=\"multi-headlines animation-standby animated fadeInUp\"><p>With lush nature, clean air, historical and cultural assets, Edremit retains its popularity among the vacation destinations of the Aegean Region. Edremit, which is the third largest district of Bal\u0131kesir, becomes a touristic destination attracting thousands every year, especially with its towns Alt\u0131noluk and Ak\u00e7ay. <\/div><\/div><\/div>\n<div class=\"multi-headlines-outer\" style=\"margin-bottom:0px;\"><\/div>\n<div class=\"animation-standby animated none\">\n<p><div class=\"textwidget\"><a class=\"buton-button\" href=\"\/kazdaglari\">Ida Mountains<i class=\"indicate-arrow feather-icon-arrow-right\"><\/i><\/a> <a class=\"buton-button\" href=\"\/ayvalik-cunda\">Ayval\u0131k \/ Cunda<i class=\"indicate-arrow feather-icon-arrow-right\"><\/i><\/a> \u00a0<a class=\"buton-button\" href=\"\/assos-behramkale-adatepe\">Asos \/ Behramkale \/ Adatepe<i class=\"indicate-arrow feather-icon-arrow-right\"><\/i><\/a> <a class=\"buton-button\" href=\"\/gokceada\">Imbros<i class=\"indicate-arrow feather-icon-arrow-right\"><\/i><\/a> <a class=\"buton-button\" href=\"\/bozcaada\">Tenedos<i class=\"indicate-arrow feather-icon-arrow-right\"><\/i><\/a><\/div>\n<\/p>\n<\/div>\n","protected":false},"excerpt":{"rendered":"<p>Ida Mountains Ayval\u0131k \/ Cunda \u00a0Asos \/ Behramkale \/ Adatepe Imbros Tenedos<\/p>\n","protected":false},"author":1,"featured_media":0,"parent":0,"menu_order":0,"comment_status":"closed","ping_status":"closed","template":"","meta":{"footnotes":""},"class_list":["post-11813","page","type-page","status-publish","hentry"],"_links":{"self":[{"href":"https:\/\/www.heramistermal.com\/en\/wp-json\/wp\/v2\/pages\/11813","targetHints":{"allow":["GET"]}}],"collection":[{"href":"https:\/\/www.heramistermal.com\/en\/wp-json\/wp\/v2\/pages"}],"about":[{"href":"https:\/\/www.heramistermal.com\/en\/wp-json\/wp\/v2\/types\/page"}],"author":[{"embeddable":true,"href":"https:\/\/www.heramistermal.com\/en\/wp-json\/wp\/v2\/users\/1"}],"replies":[{"embeddable":true,"href":"https:\/\/www.heramistermal.com\/en\/wp-json\/wp\/v2\/comments?post=11813"}],"version-history":[{"count":3,"href":"https:\/\/www.heramistermal.com\/en\/wp-json\/wp\/v2\/pages\/11813\/revisions"}],"predecessor-version":[{"id":13028,"href":"https:\/\/www.heramistermal.com\/en\/wp-json\/wp\/v2\/pages\/11813\/revisions\/13028"}],"wp:attachment":[{"href":"https:\/\/www.heramistermal.com\/en\/wp-json\/wp\/v2\/media?parent=11813"}],"curies":[{"name":"wp","href":"https:\/\/api.w.org\/{rel}","templated":true}]}}