{"id":12254,"date":"2021-01-20T16:16:59","date_gmt":"2021-01-20T16:16:59","guid":{"rendered":"http:\/\/imperium.yavuzdiyebiri.com\/?page_id=12254"},"modified":"2021-08-13T06:59:41","modified_gmt":"2021-08-13T06:59:41","slug":"duyurular","status":"publish","type":"page","link":"https:\/\/www.heramistermal.com\/en\/duyurular\/","title":{"rendered":"DUYURULAR"},"content":{"rendered":"\n<div class=\"service-column fadeInDown service-style-right service-column-1 service-boxes-icon-with-title true alignicon-left alignicon-left-vertical serviceboxes-vertical clearfix\"> <div class=\"service-item animation-standby animated fadeInDown \"><div class=\"service-item-inner\"><div data-iconcolor=\"\" data-bgcolor=\"\" class=\"service-icon\"><i style=\"border-color:;\" class=\"fontawesome in-circle  et-icon-megaphone\"><\/i><\/div><div class=\"service-content\"><h4><a href=\"https:\/\/www.heramistermal.com\/en\/tr\/30-05-2021-tarihli-duyuru\/\" >30\/05\/2021 TAR\u0130HL\u0130 DUYURU<\/a><\/h4><div class=\"service-details\"><\/p>\n<p>De\u011ferli Heramis Termal Tatil K\u00f6y\u00fc Devre M\u00fclk\u2026Devam\u0131 i\u00e7in <a href=\"https:\/\/www.heramistermal.com\/en\/duyurular\/30-05-2021-tarihli-duyuru\">t\u0131klay\u0131n.<\/a><\/p>\n<p>\n<\/div><\/div><\/div><\/div> <br \/><\/div>\n<div class=\"service-column fadeInDown service-style-right service-column-1 service-boxes-icon-with-title true alignicon-left alignicon-left-vertical serviceboxes-vertical clearfix\"> <div class=\"service-item animation-standby animated fadeInDown \"><div class=\"service-item-inner\"><div data-iconcolor=\"\" data-bgcolor=\"\" class=\"service-icon\"><i style=\"border-color:;\" class=\"fontawesome in-circle  et-icon-megaphone\"><\/i><\/div><div class=\"service-content\"><h4><a href=\"https:\/\/www.heramistermal.com\/en\/heramis-termal-tatil-koyu-yasam-yonetmeligi\" >29\/05\/2021 TAR\u0130HL\u0130 DUYURU<\/a><\/h4><div class=\"service-details\"><\/p>\n<p>Heramis Termal Tatil K\u00f6y\u00fc Ya\u015fam Y\u00f6netmeli\u011fi\u2026Devam\u0131 i\u00e7in <a href=\"https:\/\/www.heramistermal.com\/en\/29-05-2021-tarihli-duyuru\">t\u0131klay\u0131n.<\/a><\/p>\n<p>\n<\/div><\/div><\/div><\/div> <br \/><\/div>\n<div class=\"service-column fadeInDown service-style-right service-column-1 service-boxes-icon-with-title true alignicon-left alignicon-left-vertical serviceboxes-vertical clearfix\"> <div class=\"service-item animation-standby animated fadeInDown \"><div class=\"service-item-inner\"><div data-iconcolor=\"\" data-bgcolor=\"\" class=\"service-icon\"><i style=\"border-color:;\" class=\"fontawesome in-circle  et-icon-megaphone\"><\/i><\/div><div class=\"service-content\"><h4><a href=\"https:\/\/www.heramistermal.com\/en\/08-03-2021-tarihli-duyuru\" >08\/03\/2021 TAR\u0130HL\u0130 DUYURU<\/a><\/h4><div class=\"service-details\"><\/p>\n<p>Heramis Termal Tatil K\u00f6y\u00fc\u2019nde kat maliki olar\u2026Devam\u0131 i\u00e7in <a href=\"https:\/\/www.heramistermal.com\/en\/08-03-2021-tarihli-duyuru\">t\u0131klay\u0131n.<\/a><\/p>\n<p>\n<\/div><\/div><\/div><\/div> <br \/><\/div>\n<div class=\"service-column fadeInDown service-style-right service-column-1 service-boxes-icon-with-title true alignicon-left alignicon-left-vertical serviceboxes-vertical clearfix\"> <div class=\"service-item animation-standby animated fadeInDown \"><div class=\"service-item-inner\"><div data-iconcolor=\"\" data-bgcolor=\"\" class=\"service-icon\"><i style=\"border-color:;\" class=\"fontawesome in-circle  et-icon-megaphone\"><\/i><\/div><div class=\"service-content\"><h4><a href=\"https:\/\/www.heramistermal.com\/en\/30-01-2021-tarihli-duyuru\" >30\/01\/2021 TAR\u0130HL\u0130 DUYURU<\/a><\/h4><div class=\"service-details\"><\/p>\n<p>M\u00fcvekkilimiz \u0130DASU TUR\u0130ZM ve \u0130\u015eLETMEC\u0130L\u0130K T\u0130C\u2026Devam\u0131 i\u00e7in <a href=\"https:\/\/www.heramistermal.com\/en\/30-01-2021-tarihli-duyuru\">t\u0131klay\u0131n.<\/a><\/p>\n<p>\n<\/div><\/div><\/div><\/div> <br \/><\/div>\n<div class=\"service-column fadeInDown service-style-right service-column-1 service-boxes-icon-with-title true alignicon-left alignicon-left-vertical serviceboxes-vertical clearfix\"> <div class=\"service-item animation-standby animated fadeInDown \"><div class=\"service-item-inner\"><div data-iconcolor=\"\" data-bgcolor=\"\" class=\"service-icon\"><i style=\"border-color:;\" class=\"fontawesome in-circle  et-icon-megaphone\"><\/i><\/div><div class=\"service-content\"><h4><a href=\"https:\/\/www.heramistermal.com\/en\/11-01-2021-tarihli-duyuru\" >11\/01\/2021 TAR\u0130HL\u0130 DUYURU<\/a><\/h4><div class=\"service-details\"><\/p>\n<p>Say\u0131n HERAM\u0130S TERMAL TAT\u0130L K\u00d6Y\u00dc Devrem\u00fc\u2026Devam\u0131 i\u00e7in <a href=\"https:\/\/www.heramistermal.com\/en\/11-01-2021-tarihli-duyuru\">t\u0131klay\u0131n.<\/a><\/p>\n<p>\n<\/div><\/div><\/div><\/div> <br \/><\/div>\n<div class=\"service-column fadeInDown service-style-right service-column-1 service-boxes-icon-with-title true alignicon-left alignicon-left-vertical serviceboxes-vertical clearfix\"> <div class=\"service-item animation-standby animated fadeInDown \"><div class=\"service-item-inner\"><div data-iconcolor=\"\" data-bgcolor=\"\" class=\"service-icon\"><i style=\"border-color:;\" class=\"fontawesome in-circle  et-icon-megaphone\"><\/i><\/div><div class=\"service-content\"><h4><a href=\"https:\/\/www.heramistermal.com\/en\/11-12-2020-tarihli-duyuru\" >11\/12\/2020 TAR\u0130HL\u0130 DUYURU<\/a><\/h4><div class=\"service-details\"><\/p>\n<p>\u0130\u015fletmecili\u011fini yapmakta oldu\u011fumuz Heram\u2026Devam\u0131 i\u00e7in <a href=\"https:\/\/www.heramistermal.com\/en\/11-12-2020-tarihli-duyuru\">t\u0131klay\u0131n.<\/a><\/p>\n<p>\n<\/div><\/div><\/div><\/div> <br \/><\/div>\n<div class=\"service-column fadeInDown service-style-right service-column-1 service-boxes-icon-with-title true alignicon-left alignicon-left-vertical serviceboxes-vertical clearfix\"> <div class=\"service-item animation-standby animated fadeInDown \"><div class=\"service-item-inner\"><div data-iconcolor=\"\" data-bgcolor=\"\" class=\"service-icon\"><i style=\"border-color:;\" class=\"fontawesome in-circle  et-icon-megaphone\"><\/i><\/div><div class=\"service-content\"><h4><a href=\"https:\/\/www.heramistermal.com\/en\/1-12-2020-tarihli-duyuru\" >01\/12\/2020 TAR\u0130HL\u0130 DUYURU<\/a><\/h4><div class=\"service-details\"><\/p>\n<p>M\u00fcvekkilimiz \u0130DASU TUR\u0130ZM ve \u0130\u015eLETMEC\u0130L\u0130K T\u0130C\u2026Devam\u0131 i\u00e7in <a href=\"https:\/\/www.heramistermal.com\/en\/01-12-2020-tarihli-duyuru\">t\u0131klay\u0131n.<\/a><\/p>\n<p>\n<\/div><\/div><\/div><\/div> <br \/><\/div>\n<div class=\"animation-standby animated none\">\n<p><div class=\"textwidget\"><i class=\"\"><\/i><a class=\"buton-button\" href=\"https:\/\/www.heramistermal.com\/en\/\">Ana Sayfa<i class=\"indicate-arrow feather-icon-arrow-right\"><\/i><\/a><\/div>\n<\/p>\n<\/div>\n","protected":false},"excerpt":{"rendered":"<p>Ana Sayfa<\/p>\n","protected":false},"author":1,"featured_media":0,"parent":0,"menu_order":0,"comment_status":"closed","ping_status":"closed","template":"","meta":{"footnotes":""},"class_list":["post-12254","page","type-page","status-publish","hentry"],"_links":{"self":[{"href":"https:\/\/www.heramistermal.com\/en\/wp-json\/wp\/v2\/pages\/12254","targetHints":{"allow":["GET"]}}],"collection":[{"href":"https:\/\/www.heramistermal.com\/en\/wp-json\/wp\/v2\/pages"}],"about":[{"href":"https:\/\/www.heramistermal.com\/en\/wp-json\/wp\/v2\/types\/page"}],"author":[{"embeddable":true,"href":"https:\/\/www.heramistermal.com\/en\/wp-json\/wp\/v2\/users\/1"}],"replies":[{"embeddable":true,"href":"https:\/\/www.heramistermal.com\/en\/wp-json\/wp\/v2\/comments?post=12254"}],"version-history":[{"count":75,"href":"https:\/\/www.heramistermal.com\/en\/wp-json\/wp\/v2\/pages\/12254\/revisions"}],"predecessor-version":[{"id":12896,"href":"https:\/\/www.heramistermal.com\/en\/wp-json\/wp\/v2\/pages\/12254\/revisions\/12896"}],"wp:attachment":[{"href":"https:\/\/www.heramistermal.com\/en\/wp-json\/wp\/v2\/media?parent=12254"}],"curies":[{"name":"wp","href":"https:\/\/api.w.org\/{rel}","templated":true}]}}