{"id":12743,"date":"2021-07-24T12:28:26","date_gmt":"2021-07-24T12:28:26","guid":{"rendered":"https:\/\/www.heramistermal.com\/en\/tr\/?page_id=12743"},"modified":"2021-07-24T12:28:26","modified_gmt":"2021-07-24T12:28:26","slug":"uyelerimize-duyurular","status":"publish","type":"page","link":"https:\/\/www.heramistermal.com\/en\/uyelerimize-duyurular\/","title":{"rendered":"\u00dcYELER\u0130M\u0130ZE DUYURULAR"},"content":{"rendered":"","protected":false},"excerpt":{"rendered":"","protected":false},"author":1,"featured_media":0,"parent":0,"menu_order":0,"comment_status":"closed","ping_status":"closed","template":"","meta":{"footnotes":""},"class_list":["post-12743","page","type-page","status-publish","hentry"],"_links":{"self":[{"href":"https:\/\/www.heramistermal.com\/en\/wp-json\/wp\/v2\/pages\/12743","targetHints":{"allow":["GET"]}}],"collection":[{"href":"https:\/\/www.heramistermal.com\/en\/wp-json\/wp\/v2\/pages"}],"about":[{"href":"https:\/\/www.heramistermal.com\/en\/wp-json\/wp\/v2\/types\/page"}],"author":[{"embeddable":true,"href":"https:\/\/www.heramistermal.com\/en\/wp-json\/wp\/v2\/users\/1"}],"replies":[{"embeddable":true,"href":"https:\/\/www.heramistermal.com\/en\/wp-json\/wp\/v2\/comments?post=12743"}],"version-history":[{"count":1,"href":"https:\/\/www.heramistermal.com\/en\/wp-json\/wp\/v2\/pages\/12743\/revisions"}],"predecessor-version":[{"id":12746,"href":"https:\/\/www.heramistermal.com\/en\/wp-json\/wp\/v2\/pages\/12743\/revisions\/12746"}],"wp:attachment":[{"href":"https:\/\/www.heramistermal.com\/en\/wp-json\/wp\/v2\/media?parent=12743"}],"curies":[{"name":"wp","href":"https:\/\/api.w.org\/{rel}","templated":true}]}}